{"id":1501,"date":"2019-08-20T11:29:12","date_gmt":"2019-08-20T11:29:12","guid":{"rendered":"https:\/\/themes.getmotopress.com\/booklium-default\/?page_id=238"},"modified":"2025-12-23T12:53:11","modified_gmt":"2025-12-23T12:53:11","slug":"about-us","status":"publish","type":"page","link":"https:\/\/beltane.es\/en\/about-us\/","title":{"rendered":"About Us"},"content":{"rendered":"<div class=\"wp-block-columns has-3-columns, columnas_sobrenosotros is-layout-flex wp-container-core-columns-is-layout-9d6595d7 wp-block-columns-is-layout-flex\">\n<div class=\"wp-block-column is-layout-flow wp-block-column-is-layout-flow\">\n<div class=\"wp-block-getwid-advanced-heading\"><h2 class=\"wp-block-getwid-advanced-heading__content\">Thousands of visitors of content we have chosen<\/h2><\/div>\n<\/div>\n\n\n\n<div class=\"wp-block-column is-layout-flow wp-block-column-is-layout-flow\">\n<p>In <strong>Beltane<\/strong>we invite you to discover a unique experience in a <strong>building of the XIX century<\/strong> that blends tradition with comfort and sustainability.<\/p>\n\n\n\n<p>Our full comprehensive rehabilitation has been made with a deep respect for the essence and history of this iconic place, taking care of each minimum detail. <strong>Beltane <\/strong>it presents itself as the ideal destination for travellers who wish to enjoy the city in <strong>A Coru\u00f1a<\/strong> with a privileged setting, as well as for professionals who are looking for comfort and discretion.<\/p>\n<\/div>\n\n\n\n<div class=\"wp-block-column is-layout-flow wp-block-column-is-layout-flow\">\n<p>Here, the <strong>galician culture<\/strong> it is located with a <strong>cosmopolitan city and modern<\/strong>where comfort and design are interwoven in a harmonious way. Our main mission is to maintain a sustainable approach and to minimize our impact on the environment.<\/p>\n\n\n\n<p>Would you like to immerse yourself in a gallery <strong>NINETEENTH century<\/strong> and contemplate the city from the heights? In <strong>Beltane<\/strong>everything is possible. We invite you to be part of this unique experience that combines the best of the past and the present in an environment that is respectful with the environment. Welcome to <strong>Beltane<\/strong>!<\/p>\n<\/div>\n<\/div>\n\n\n\n<div style=\"height:40px\" aria-hidden=\"true\" class=\"wp-block-spacer\"><\/div>\n\n\n\n<div class=\"wp-block-columns has-2-columns is-layout-flex wp-container-core-columns-is-layout-9d6595d7 wp-block-columns-is-layout-flex\">\n<div class=\"wp-block-column is-layout-flow wp-block-column-is-layout-flow\">\n<figure class=\"wp-block-image size-large\"><img loading=\"lazy\" decoding=\"async\" width=\"1024\" height=\"683\" src=\"http:\/\/beltane.es\/wp-content\/uploads\/2019\/06\/2023_10_31_REMAX_00120-1024x683.jpg\" alt=\"\" class=\"wp-image-1680\" srcset=\"https:\/\/beltane.es\/wp-content\/uploads\/2019\/06\/2023_10_31_REMAX_00120-1024x683.jpg 1024w, https:\/\/beltane.es\/wp-content\/uploads\/2019\/06\/2023_10_31_REMAX_00120-300x200.jpg 300w, https:\/\/beltane.es\/wp-content\/uploads\/2019\/06\/2023_10_31_REMAX_00120-768x512.jpg 768w, https:\/\/beltane.es\/wp-content\/uploads\/2019\/06\/2023_10_31_REMAX_00120-1536x1024.jpg 1536w, https:\/\/beltane.es\/wp-content\/uploads\/2019\/06\/2023_10_31_REMAX_00120-892x595.jpg 892w, https:\/\/beltane.es\/wp-content\/uploads\/2019\/06\/2023_10_31_REMAX_00120-1350x900.jpg 1350w, https:\/\/beltane.es\/wp-content\/uploads\/2019\/06\/2023_10_31_REMAX_00120.jpg 1920w\" sizes=\"auto, (max-width: 1024px) 100vw, 1024px\" \/><\/figure>\n<\/div>\n\n\n\n<div class=\"wp-block-column is-layout-flow wp-block-column-is-layout-flow\">\n<figure class=\"wp-block-gallery has-nested-images columns-2 is-cropped wp-block-gallery-1 is-layout-flex wp-block-gallery-is-layout-flex\">\n<figure class=\"wp-block-image size-large\"><img loading=\"lazy\" decoding=\"async\" width=\"1024\" height=\"683\" data-id=\"1693\" src=\"http:\/\/beltane.es\/wp-content\/uploads\/2019\/06\/2023_10_31_REMAX_00074-1024x683.jpg\" alt=\"\" class=\"wp-image-1693\" srcset=\"https:\/\/beltane.es\/wp-content\/uploads\/2019\/06\/2023_10_31_REMAX_00074-1024x683.jpg 1024w, https:\/\/beltane.es\/wp-content\/uploads\/2019\/06\/2023_10_31_REMAX_00074-300x200.jpg 300w, https:\/\/beltane.es\/wp-content\/uploads\/2019\/06\/2023_10_31_REMAX_00074-768x512.jpg 768w, https:\/\/beltane.es\/wp-content\/uploads\/2019\/06\/2023_10_31_REMAX_00074-1536x1024.jpg 1536w, https:\/\/beltane.es\/wp-content\/uploads\/2019\/06\/2023_10_31_REMAX_00074-892x595.jpg 892w, https:\/\/beltane.es\/wp-content\/uploads\/2019\/06\/2023_10_31_REMAX_00074-1350x900.jpg 1350w, https:\/\/beltane.es\/wp-content\/uploads\/2019\/06\/2023_10_31_REMAX_00074.jpg 1920w\" sizes=\"auto, (max-width: 1024px) 100vw, 1024px\" \/><\/figure>\n\n\n\n<figure class=\"wp-block-image size-large\"><img loading=\"lazy\" decoding=\"async\" width=\"1024\" height=\"683\" data-id=\"1695\" src=\"http:\/\/beltane.es\/wp-content\/uploads\/2019\/06\/2023_10_31_REMAX_00084-1024x683.jpg\" alt=\"\" class=\"wp-image-1695\" srcset=\"https:\/\/beltane.es\/wp-content\/uploads\/2019\/06\/2023_10_31_REMAX_00084-1024x683.jpg 1024w, https:\/\/beltane.es\/wp-content\/uploads\/2019\/06\/2023_10_31_REMAX_00084-300x200.jpg 300w, https:\/\/beltane.es\/wp-content\/uploads\/2019\/06\/2023_10_31_REMAX_00084-768x512.jpg 768w, https:\/\/beltane.es\/wp-content\/uploads\/2019\/06\/2023_10_31_REMAX_00084-1536x1024.jpg 1536w, https:\/\/beltane.es\/wp-content\/uploads\/2019\/06\/2023_10_31_REMAX_00084-892x595.jpg 892w, https:\/\/beltane.es\/wp-content\/uploads\/2019\/06\/2023_10_31_REMAX_00084-1350x900.jpg 1350w, https:\/\/beltane.es\/wp-content\/uploads\/2019\/06\/2023_10_31_REMAX_00084.jpg 1920w\" sizes=\"auto, (max-width: 1024px) 100vw, 1024px\" \/><\/figure>\n\n\n\n<figure class=\"wp-block-image size-large\"><img loading=\"lazy\" decoding=\"async\" width=\"1024\" height=\"683\" data-id=\"1593\" src=\"http:\/\/beltane.es\/wp-content\/uploads\/2023\/11\/2023_10_31_REMAX_00245-1024x683.jpg\" alt=\"\" class=\"wp-image-1593\" srcset=\"https:\/\/beltane.es\/wp-content\/uploads\/2023\/11\/2023_10_31_REMAX_00245-1024x683.jpg 1024w, https:\/\/beltane.es\/wp-content\/uploads\/2023\/11\/2023_10_31_REMAX_00245-300x200.jpg 300w, https:\/\/beltane.es\/wp-content\/uploads\/2023\/11\/2023_10_31_REMAX_00245-768x512.jpg 768w, https:\/\/beltane.es\/wp-content\/uploads\/2023\/11\/2023_10_31_REMAX_00245-1536x1024.jpg 1536w, https:\/\/beltane.es\/wp-content\/uploads\/2023\/11\/2023_10_31_REMAX_00245-892x595.jpg 892w, https:\/\/beltane.es\/wp-content\/uploads\/2023\/11\/2023_10_31_REMAX_00245-1350x900.jpg 1350w, https:\/\/beltane.es\/wp-content\/uploads\/2023\/11\/2023_10_31_REMAX_00245.jpg 1920w\" sizes=\"auto, (max-width: 1024px) 100vw, 1024px\" \/><\/figure>\n\n\n\n<figure class=\"wp-block-image size-large\"><img loading=\"lazy\" decoding=\"async\" width=\"1024\" height=\"683\" data-id=\"1704\" src=\"http:\/\/beltane.es\/wp-content\/uploads\/2023\/11\/2023_10_31_REMAX_00257-copia-copia-1024x683.jpg\" alt=\"\" class=\"wp-image-1704\" srcset=\"https:\/\/beltane.es\/wp-content\/uploads\/2023\/11\/2023_10_31_REMAX_00257-copia-copia-1024x683.jpg 1024w, https:\/\/beltane.es\/wp-content\/uploads\/2023\/11\/2023_10_31_REMAX_00257-copia-copia-300x200.jpg 300w, https:\/\/beltane.es\/wp-content\/uploads\/2023\/11\/2023_10_31_REMAX_00257-copia-copia-768x512.jpg 768w, https:\/\/beltane.es\/wp-content\/uploads\/2023\/11\/2023_10_31_REMAX_00257-copia-copia-1536x1024.jpg 1536w, https:\/\/beltane.es\/wp-content\/uploads\/2023\/11\/2023_10_31_REMAX_00257-copia-copia-892x595.jpg 892w, https:\/\/beltane.es\/wp-content\/uploads\/2023\/11\/2023_10_31_REMAX_00257-copia-copia-1350x900.jpg 1350w, https:\/\/beltane.es\/wp-content\/uploads\/2023\/11\/2023_10_31_REMAX_00257-copia-copia.jpg 1920w\" sizes=\"auto, (max-width: 1024px) 100vw, 1024px\" \/><\/figure>\n<\/figure>\n<\/div>\n<\/div>\n\n\n\n<div class=\"wp-block-getwid-advanced-heading\" style=\"margin-bottom:5px;margin-top:46px\"><h2 class=\"wp-block-getwid-advanced-heading__content\" style=\"text-align:center\">Values of the company<\/h2><\/div>\n\n\n\n<div class=\"wp-block-getwid-advanced-heading\" style=\"margin-bottom:45px\"><span class=\"wp-block-getwid-advanced-heading__content\" style=\"text-align:center\">In <strong>Beltane<\/strong>we are guided by fundamental principles that define our identity and our commitment to <strong>our guests, the team and the environment<\/strong>.<\/span><\/div>\n\n\n\n<div class=\"wp-block-columns has-3-columns is-layout-flex wp-container-core-columns-is-layout-9d6595d7 wp-block-columns-is-layout-flex\">\n<div class=\"wp-block-column is-layout-flow wp-block-column-is-layout-flow\">\n<div class=\"wp-block-getwid-section is-style-with-big-shadow is-style-fit-parent\"><div class=\"wp-block-getwid-section__wrapper getwid-padding-top-medium getwid-padding-bottom-medium getwid-padding-left-medium getwid-padding-right-medium getwid-align-items-flex-start\"><div class=\"wp-block-getwid-section__inner-wrapper\"><div class=\"wp-block-getwid-section__background-holder\"><div class=\"wp-block-getwid-section__background has-background has-white-background-color\"><\/div><div class=\"wp-block-getwid-section__foreground\"><\/div><\/div><div class=\"wp-block-getwid-section__content\"><div class=\"wp-block-getwid-section__inner-content\">\n<div class=\"wp-block-getwid-image-box getwid-animation has-text-center has-mobile-layout-default has-mobile-alignment-default\" data-animation=\"slideBottom\"><div style=\"margin-bottom:30px\" class=\"wp-block-getwid-image-box__image-container is-position-top\"><a href=\"#\" class=\"wp-block-getwid-image-box__image-wrapper\"><img decoding=\"async\" src=\"http:\/\/beltane.es\/wp-content\/uploads\/2019\/10\/openness1.png\" alt=\"\" class=\"wp-block-getwid-image-box__image wp-image-1127\"\/><\/a><\/div><div class=\"wp-block-getwid-image-box__content\">\n<div class=\"wp-block-getwid-advanced-heading\" style=\"margin-bottom:10px\"><h4 class=\"wp-block-getwid-advanced-heading__content\">Openness<\/h4><\/div>\n\n\n\n<p class=\"has-small-font-size\">We don't keep secrets between us or with our clients and we are always open to you.<\/p>\n<\/div><\/div>\n<\/div><\/div><\/div><\/div><\/div>\n<\/div>\n\n\n\n<div class=\"wp-block-column is-layout-flow wp-block-column-is-layout-flow\">\n<div class=\"wp-block-getwid-section is-style-with-big-shadow is-style-fit-parent\"><div class=\"wp-block-getwid-section__wrapper getwid-padding-top-medium getwid-padding-bottom-medium getwid-padding-left-medium getwid-padding-right-medium getwid-align-items-flex-start\"><div class=\"wp-block-getwid-section__inner-wrapper\"><div class=\"wp-block-getwid-section__background-holder\"><div class=\"wp-block-getwid-section__background has-background has-white-background-color\"><\/div><div class=\"wp-block-getwid-section__foreground\"><\/div><\/div><div class=\"wp-block-getwid-section__content\"><div class=\"wp-block-getwid-section__inner-content\">\n<div class=\"wp-block-getwid-image-box getwid-animation has-text-center has-mobile-layout-default has-mobile-alignment-default\" data-animation=\"slideBottom\"><div style=\"margin-bottom:30px\" class=\"wp-block-getwid-image-box__image-container is-position-top\"><a href=\"#\" class=\"wp-block-getwid-image-box__image-wrapper\"><img decoding=\"async\" src=\"http:\/\/beltane.es\/wp-content\/uploads\/2019\/10\/integrity1.png\" alt=\"\" class=\"wp-block-getwid-image-box__image wp-image-1130\"\/><\/a><\/div><div class=\"wp-block-getwid-image-box__content\">\n<div class=\"wp-block-getwid-advanced-heading\" style=\"margin-bottom:10px\"><h4 class=\"wp-block-getwid-advanced-heading__content\">Integrity<\/h4><\/div>\n\n\n\n<p class=\"has-small-font-size\">The formation of computers became a very important part of our friendly and hectic routine of the team.<\/p>\n<\/div><\/div>\n<\/div><\/div><\/div><\/div><\/div>\n<\/div>\n<\/div>\n\n\n\n<div class=\"wp-block-columns has-3-columns is-layout-flex wp-container-core-columns-is-layout-9d6595d7 wp-block-columns-is-layout-flex\">\n<div class=\"wp-block-column is-layout-flow wp-block-column-is-layout-flow\">\n<div class=\"wp-block-getwid-section is-style-with-big-shadow is-style-fit-parent\"><div class=\"wp-block-getwid-section__wrapper getwid-padding-top-medium getwid-padding-bottom-medium getwid-padding-left-medium getwid-padding-right-medium getwid-align-items-flex-start\"><div class=\"wp-block-getwid-section__inner-wrapper\"><div class=\"wp-block-getwid-section__background-holder\"><div class=\"wp-block-getwid-section__background has-background has-white-background-color\"><\/div><div class=\"wp-block-getwid-section__foreground\"><\/div><\/div><div class=\"wp-block-getwid-section__content\"><div class=\"wp-block-getwid-section__inner-content\">\n<div class=\"wp-block-getwid-image-box getwid-animation has-text-center has-mobile-layout-default has-mobile-alignment-default\" data-animation=\"slideBottom\"><div style=\"margin-bottom:30px\" class=\"wp-block-getwid-image-box__image-container is-position-top\"><a href=\"#\" class=\"wp-block-getwid-image-box__image-wrapper\"><img decoding=\"async\" src=\"http:\/\/beltane.es\/wp-content\/uploads\/2019\/10\/innovative1.png\" alt=\"\" class=\"wp-block-getwid-image-box__image wp-image-1120\"\/><\/a><\/div><div class=\"wp-block-getwid-image-box__content\">\n<div class=\"wp-block-getwid-advanced-heading\" style=\"margin-bottom:10px\"><h4 class=\"wp-block-getwid-advanced-heading__content\">Innovation<\/h4><\/div>\n\n\n\n<p class=\"has-small-font-size\">We also seek modern solutions and up to date for a variety of routine problems.<\/p>\n<\/div><\/div>\n<\/div><\/div><\/div><\/div><\/div>\n<\/div>\n\n\n\n<div class=\"wp-block-column is-layout-flow wp-block-column-is-layout-flow\">\n<div class=\"wp-block-getwid-section is-style-with-big-shadow is-style-fit-parent\"><div class=\"wp-block-getwid-section__wrapper getwid-padding-top-medium getwid-padding-bottom-medium getwid-padding-left-medium getwid-padding-right-medium getwid-align-items-flex-start\"><div class=\"wp-block-getwid-section__inner-wrapper\"><div class=\"wp-block-getwid-section__background-holder\"><div class=\"wp-block-getwid-section__background has-background has-white-background-color\"><\/div><div class=\"wp-block-getwid-section__foreground\"><\/div><\/div><div class=\"wp-block-getwid-section__content\"><div class=\"wp-block-getwid-section__inner-content\">\n<div class=\"wp-block-getwid-image-box getwid-animation has-text-center has-mobile-layout-default has-mobile-alignment-default\" data-animation=\"slideBottom\"><div style=\"margin-bottom:30px\" class=\"wp-block-getwid-image-box__image-container is-position-top\"><a href=\"#\" class=\"wp-block-getwid-image-box__image-wrapper\"><img decoding=\"async\" src=\"http:\/\/beltane.es\/wp-content\/uploads\/2019\/10\/quality1.png\" alt=\"\" class=\"wp-block-getwid-image-box__image wp-image-1126\"\/><\/a><\/div><div class=\"wp-block-getwid-image-box__content\">\n<div class=\"wp-block-getwid-advanced-heading\" style=\"margin-bottom:10px\"><h4 class=\"wp-block-getwid-advanced-heading__content\">Quality<\/h4><\/div>\n\n\n\n<p class=\"has-small-font-size\">All of our products are tested thoroughly in accordance with the high standards of quality.<\/p>\n<\/div><\/div>\n<\/div><\/div><\/div><\/div><\/div>\n<\/div>\n<\/div>\n\n\n\n<div class=\"wp-block-columns has-4-columns is-layout-flex wp-container-core-columns-is-layout-9d6595d7 wp-block-columns-is-layout-flex\">\n<div class=\"wp-block-column is-layout-flow wp-block-column-is-layout-flow\"><\/div>\n\n\n\n<div class=\"wp-block-column is-layout-flow wp-block-column-is-layout-flow\">\n<div class=\"wp-block-getwid-advanced-spacer getwid-hide-desktop getwid-hide-tablet\" style=\"height:40px\" aria-hidden=\"true\"><\/div>\n<\/div>\n<\/div>","protected":false},"excerpt":{"rendered":"<p>En Beltane, te invitamos a descubrir una experiencia \u00fanica en un edificio del siglo XIX que fusiona la tradici\u00f3n con el confort y la sostenibilidad. Nuestra completa rehabilitaci\u00f3n integral ha sido realizada con un profundo respeto por la esencia e historia de este ic\u00f3nico lugar, cuidando cada m\u00ednimo detalle. Beltane se presenta como el destino [&hellip;]<\/p>","protected":false},"author":1,"featured_media":0,"parent":0,"menu_order":0,"comment_status":"closed","ping_status":"closed","template":"template-wide-page.php","meta":{"inline_featured_image":false,"_joinchat":[],"footnotes":""},"class_list":["post-1501","page","type-page","status-publish","hentry"],"_links":{"self":[{"href":"https:\/\/beltane.es\/en\/wp-json\/wp\/v2\/pages\/1501","targetHints":{"allow":["GET"]}}],"collection":[{"href":"https:\/\/beltane.es\/en\/wp-json\/wp\/v2\/pages"}],"about":[{"href":"https:\/\/beltane.es\/en\/wp-json\/wp\/v2\/types\/page"}],"author":[{"embeddable":true,"href":"https:\/\/beltane.es\/en\/wp-json\/wp\/v2\/users\/1"}],"replies":[{"embeddable":true,"href":"https:\/\/beltane.es\/en\/wp-json\/wp\/v2\/comments?post=1501"}],"version-history":[{"count":12,"href":"https:\/\/beltane.es\/en\/wp-json\/wp\/v2\/pages\/1501\/revisions"}],"predecessor-version":[{"id":2113,"href":"https:\/\/beltane.es\/en\/wp-json\/wp\/v2\/pages\/1501\/revisions\/2113"}],"wp:attachment":[{"href":"https:\/\/beltane.es\/en\/wp-json\/wp\/v2\/media?parent=1501"}],"curies":[{"name":"wp","href":"https:\/\/api.w.org\/{rel}","templated":true}]}}